{"id":1085,"date":"2024-05-15T10:31:12","date_gmt":"2024-05-15T10:31:12","guid":{"rendered":"https:\/\/mosuos.eu\/produkt\/panuelo-melocoton-y-azul-de-la-hermandad\/"},"modified":"2024-05-15T10:31:12","modified_gmt":"2024-05-15T10:31:12","slug":"panuelo-melocoton-y-azul-de-la-hermandad","status":"publish","type":"product","link":"https:\/\/mosuos.eu\/es\/produkt\/panuelo-melocoton-y-azul-de-la-hermandad\/","title":{"rendered":"pa\u00f1uelo melocot\u00f3n y azul de la hermandad"},"content":{"rendered":"<div>Pa\u00f1uelo de seda MOSUOS blanco y negro \/ melocot\u00f3n y azul \/ melocot\u00f3n y negro<\/div>\n<div>dise\u00f1o gr\u00e1fico : Zosia Czubek<\/div>\n<div>dimensiones: peque\u00f1o 55x55cm grande 90x90cm<\/div>\n<div>L\u00e1vala a mano con agua tibia.<\/div>\n","protected":false},"excerpt":{"rendered":"<p>Pa\u00f1uelo de seda MOSUOS blanco y negro \/ melocot\u00f3n y azul \/ melocot\u00f3n y negro dise\u00f1o gr\u00e1fico : Zosia Czubek dimensiones: peque\u00f1o 55x55cm grande 90x90cm L\u00e1vala a mano con agua tibia.<\/p>\n","protected":false},"featured_media":1257,"comment_status":"open","ping_status":"closed","template":"","meta":[],"product_brand":[],"product_cat":[48],"product_tag":[],"class_list":{"0":"post-1085","1":"product","2":"type-product","3":"status-publish","4":"has-post-thumbnail","6":"product_cat-bufandas","8":"first","9":"instock","10":"taxable","11":"shipping-taxable","12":"purchasable","13":"product-type-variable","14":"has-default-attributes"},"yoast_head":"<!-- This site is optimized with the Yoast SEO plugin v27.4 - https:\/\/yoast.com\/product\/yoast-seo-wordpress\/ -->\n<title>pa\u00f1uelo melocot\u00f3n y azul de la hermandad - Mosuos<\/title>\n<meta name=\"robots\" content=\"index, follow, max-snippet:-1, max-image-preview:large, max-video-preview:-1\" \/>\n<link rel=\"canonical\" href=\"https:\/\/mosuos.eu\/produkt\/apaszka-mosuos-sisterhood-blue\/\" \/>\n<meta property=\"og:locale\" content=\"es_ES\" \/>\n<meta property=\"og:type\" content=\"article\" \/>\n<meta property=\"og:title\" content=\"pa\u00f1uelo melocot\u00f3n y azul de la hermandad - Mosuos\" \/>\n<meta property=\"og:description\" content=\"Pa\u00f1uelo de seda MOSUOS blanco y negro \/ melocot\u00f3n y azul \/ melocot\u00f3n y negro dise\u00f1o gr\u00e1fico : Zosia Czubek dimensiones: peque\u00f1o 55x55cm grande 90x90cm L\u00e1vala a mano con agua tibia.\" \/>\n<meta property=\"og:url\" content=\"https:\/\/mosuos.eu\/produkt\/apaszka-mosuos-sisterhood-blue\/\" \/>\n<meta property=\"og:site_name\" content=\"Mosuos\" \/>\n<meta property=\"og:image\" content=\"https:\/\/mosuos.eu\/wp-content\/uploads\/2024\/05\/apaszka-sisterhood-v.webp\" \/>\n\t<meta property=\"og:image:width\" content=\"1000\" \/>\n\t<meta property=\"og:image:height\" content=\"1000\" \/>\n\t<meta property=\"og:image:type\" content=\"image\/jpeg\" \/>\n<meta name=\"twitter:card\" content=\"summary_large_image\" \/>\n<script type=\"application\/ld+json\" class=\"yoast-schema-graph\">{\"@context\":\"https:\\\/\\\/schema.org\",\"@graph\":[{\"@type\":\"WebPage\",\"@id\":\"https:\\\/\\\/mosuos.eu\\\/produkt\\\/apaszka-mosuos-sisterhood-blue\\\/\",\"url\":\"https:\\\/\\\/mosuos.eu\\\/produkt\\\/apaszka-mosuos-sisterhood-blue\\\/\",\"name\":\"pa\u00f1uelo melocot\u00f3n y azul de la hermandad - Mosuos\",\"isPartOf\":{\"@id\":\"https:\\\/\\\/mosuos.eu\\\/#website\"},\"primaryImageOfPage\":{\"@id\":\"https:\\\/\\\/mosuos.eu\\\/produkt\\\/apaszka-mosuos-sisterhood-blue\\\/#primaryimage\"},\"image\":{\"@id\":\"https:\\\/\\\/mosuos.eu\\\/produkt\\\/apaszka-mosuos-sisterhood-blue\\\/#primaryimage\"},\"thumbnailUrl\":\"https:\\\/\\\/mosuos.eu\\\/wp-content\\\/uploads\\\/2024\\\/05\\\/apaszka-sisterhood-v.webp\",\"datePublished\":\"2024-05-15T10:31:12+00:00\",\"breadcrumb\":{\"@id\":\"https:\\\/\\\/mosuos.eu\\\/produkt\\\/apaszka-mosuos-sisterhood-blue\\\/#breadcrumb\"},\"inLanguage\":\"es\",\"potentialAction\":[{\"@type\":\"ReadAction\",\"target\":[\"https:\\\/\\\/mosuos.eu\\\/produkt\\\/apaszka-mosuos-sisterhood-blue\\\/\"]}]},{\"@type\":\"ImageObject\",\"inLanguage\":\"es\",\"@id\":\"https:\\\/\\\/mosuos.eu\\\/produkt\\\/apaszka-mosuos-sisterhood-blue\\\/#primaryimage\",\"url\":\"https:\\\/\\\/mosuos.eu\\\/wp-content\\\/uploads\\\/2024\\\/05\\\/apaszka-sisterhood-v.webp\",\"contentUrl\":\"https:\\\/\\\/mosuos.eu\\\/wp-content\\\/uploads\\\/2024\\\/05\\\/apaszka-sisterhood-v.webp\",\"width\":1000,\"height\":1000},{\"@type\":\"BreadcrumbList\",\"@id\":\"https:\\\/\\\/mosuos.eu\\\/produkt\\\/apaszka-mosuos-sisterhood-blue\\\/#breadcrumb\",\"itemListElement\":[{\"@type\":\"ListItem\",\"position\":1,\"name\":\"Strona g\u0142\u00f3wna\",\"item\":\"https:\\\/\\\/mosuos.eu\\\/\"},{\"@type\":\"ListItem\",\"position\":2,\"name\":\"SKLEP\",\"item\":\"https:\\\/\\\/mosuos.eu\\\/shop\\\/\"},{\"@type\":\"ListItem\",\"position\":3,\"name\":\"pa\u00f1uelo melocot\u00f3n y azul de la hermandad\"}]},{\"@type\":\"WebSite\",\"@id\":\"https:\\\/\\\/mosuos.eu\\\/#website\",\"url\":\"https:\\\/\\\/mosuos.eu\\\/\",\"name\":\"Mosuos\",\"description\":\"\",\"publisher\":{\"@id\":\"https:\\\/\\\/mosuos.eu\\\/#organization\"},\"potentialAction\":[{\"@type\":\"SearchAction\",\"target\":{\"@type\":\"EntryPoint\",\"urlTemplate\":\"https:\\\/\\\/mosuos.eu\\\/?s={search_term_string}\"},\"query-input\":{\"@type\":\"PropertyValueSpecification\",\"valueRequired\":true,\"valueName\":\"search_term_string\"}}],\"inLanguage\":\"es\"},{\"@type\":\"Organization\",\"@id\":\"https:\\\/\\\/mosuos.eu\\\/#organization\",\"name\":\"Mosuos\",\"url\":\"https:\\\/\\\/mosuos.eu\\\/\",\"logo\":{\"@type\":\"ImageObject\",\"inLanguage\":\"es\",\"@id\":\"https:\\\/\\\/mosuos.eu\\\/#\\\/schema\\\/logo\\\/image\\\/\",\"url\":\"https:\\\/\\\/mosuos.eu\\\/wp-content\\\/uploads\\\/2024\\\/04\\\/logo-footer-mosuo.webp\",\"contentUrl\":\"https:\\\/\\\/mosuos.eu\\\/wp-content\\\/uploads\\\/2024\\\/04\\\/logo-footer-mosuo.webp\",\"width\":280,\"height\":280,\"caption\":\"Mosuos\"},\"image\":{\"@id\":\"https:\\\/\\\/mosuos.eu\\\/#\\\/schema\\\/logo\\\/image\\\/\"}}]}<\/script>\n<!-- \/ Yoast SEO plugin. -->","yoast_head_json":{"title":"pa\u00f1uelo melocot\u00f3n y azul de la hermandad - Mosuos","robots":{"index":"index","follow":"follow","max-snippet":"max-snippet:-1","max-image-preview":"max-image-preview:large","max-video-preview":"max-video-preview:-1"},"canonical":"https:\/\/mosuos.eu\/produkt\/apaszka-mosuos-sisterhood-blue\/","og_locale":"es_ES","og_type":"article","og_title":"pa\u00f1uelo melocot\u00f3n y azul de la hermandad - Mosuos","og_description":"Pa\u00f1uelo de seda MOSUOS blanco y negro \/ melocot\u00f3n y azul \/ melocot\u00f3n y negro dise\u00f1o gr\u00e1fico : Zosia Czubek dimensiones: peque\u00f1o 55x55cm grande 90x90cm L\u00e1vala a mano con agua tibia.","og_url":"https:\/\/mosuos.eu\/produkt\/apaszka-mosuos-sisterhood-blue\/","og_site_name":"Mosuos","og_image":[{"width":1000,"height":1000,"url":"https:\/\/mosuos.eu\/wp-content\/uploads\/2024\/05\/apaszka-sisterhood-v.webp","type":"image\/jpeg"}],"twitter_card":"summary_large_image","schema":{"@context":"https:\/\/schema.org","@graph":[{"@type":"WebPage","@id":"https:\/\/mosuos.eu\/produkt\/apaszka-mosuos-sisterhood-blue\/","url":"https:\/\/mosuos.eu\/produkt\/apaszka-mosuos-sisterhood-blue\/","name":"pa\u00f1uelo melocot\u00f3n y azul de la hermandad - Mosuos","isPartOf":{"@id":"https:\/\/mosuos.eu\/#website"},"primaryImageOfPage":{"@id":"https:\/\/mosuos.eu\/produkt\/apaszka-mosuos-sisterhood-blue\/#primaryimage"},"image":{"@id":"https:\/\/mosuos.eu\/produkt\/apaszka-mosuos-sisterhood-blue\/#primaryimage"},"thumbnailUrl":"https:\/\/mosuos.eu\/wp-content\/uploads\/2024\/05\/apaszka-sisterhood-v.webp","datePublished":"2024-05-15T10:31:12+00:00","breadcrumb":{"@id":"https:\/\/mosuos.eu\/produkt\/apaszka-mosuos-sisterhood-blue\/#breadcrumb"},"inLanguage":"es","potentialAction":[{"@type":"ReadAction","target":["https:\/\/mosuos.eu\/produkt\/apaszka-mosuos-sisterhood-blue\/"]}]},{"@type":"ImageObject","inLanguage":"es","@id":"https:\/\/mosuos.eu\/produkt\/apaszka-mosuos-sisterhood-blue\/#primaryimage","url":"https:\/\/mosuos.eu\/wp-content\/uploads\/2024\/05\/apaszka-sisterhood-v.webp","contentUrl":"https:\/\/mosuos.eu\/wp-content\/uploads\/2024\/05\/apaszka-sisterhood-v.webp","width":1000,"height":1000},{"@type":"BreadcrumbList","@id":"https:\/\/mosuos.eu\/produkt\/apaszka-mosuos-sisterhood-blue\/#breadcrumb","itemListElement":[{"@type":"ListItem","position":1,"name":"Strona g\u0142\u00f3wna","item":"https:\/\/mosuos.eu\/"},{"@type":"ListItem","position":2,"name":"SKLEP","item":"https:\/\/mosuos.eu\/shop\/"},{"@type":"ListItem","position":3,"name":"pa\u00f1uelo melocot\u00f3n y azul de la hermandad"}]},{"@type":"WebSite","@id":"https:\/\/mosuos.eu\/#website","url":"https:\/\/mosuos.eu\/","name":"Mosuos","description":"","publisher":{"@id":"https:\/\/mosuos.eu\/#organization"},"potentialAction":[{"@type":"SearchAction","target":{"@type":"EntryPoint","urlTemplate":"https:\/\/mosuos.eu\/?s={search_term_string}"},"query-input":{"@type":"PropertyValueSpecification","valueRequired":true,"valueName":"search_term_string"}}],"inLanguage":"es"},{"@type":"Organization","@id":"https:\/\/mosuos.eu\/#organization","name":"Mosuos","url":"https:\/\/mosuos.eu\/","logo":{"@type":"ImageObject","inLanguage":"es","@id":"https:\/\/mosuos.eu\/#\/schema\/logo\/image\/","url":"https:\/\/mosuos.eu\/wp-content\/uploads\/2024\/04\/logo-footer-mosuo.webp","contentUrl":"https:\/\/mosuos.eu\/wp-content\/uploads\/2024\/04\/logo-footer-mosuo.webp","width":280,"height":280,"caption":"Mosuos"},"image":{"@id":"https:\/\/mosuos.eu\/#\/schema\/logo\/image\/"}}]}},"_links":{"self":[{"href":"https:\/\/mosuos.eu\/es\/wp-json\/wp\/v2\/product\/1085","targetHints":{"allow":["GET"]}}],"collection":[{"href":"https:\/\/mosuos.eu\/es\/wp-json\/wp\/v2\/product"}],"about":[{"href":"https:\/\/mosuos.eu\/es\/wp-json\/wp\/v2\/types\/product"}],"replies":[{"embeddable":true,"href":"https:\/\/mosuos.eu\/es\/wp-json\/wp\/v2\/comments?post=1085"}],"wp:featuredmedia":[{"embeddable":true,"href":"https:\/\/mosuos.eu\/es\/wp-json\/wp\/v2\/media\/1257"}],"wp:attachment":[{"href":"https:\/\/mosuos.eu\/es\/wp-json\/wp\/v2\/media?parent=1085"}],"wp:term":[{"taxonomy":"product_brand","embeddable":true,"href":"https:\/\/mosuos.eu\/es\/wp-json\/wp\/v2\/product_brand?post=1085"},{"taxonomy":"product_cat","embeddable":true,"href":"https:\/\/mosuos.eu\/es\/wp-json\/wp\/v2\/product_cat?post=1085"},{"taxonomy":"product_tag","embeddable":true,"href":"https:\/\/mosuos.eu\/es\/wp-json\/wp\/v2\/product_tag?post=1085"}],"curies":[{"name":"wp","href":"https:\/\/api.w.org\/{rel}","templated":true}]}}