{"id":1020,"date":"2024-04-24T16:23:49","date_gmt":"2024-04-24T16:23:49","guid":{"rendered":"https:\/\/mosuos.eu\/devuelve\/"},"modified":"2026-01-14T13:42:17","modified_gmt":"2026-01-14T13:42:17","slug":"devuelve","status":"publish","type":"page","link":"https:\/\/mosuos.eu\/es\/devuelve\/","title":{"rendered":"Devuelve"},"content":{"rendered":"\t\t<div data-elementor-type=\"wp-page\" data-elementor-id=\"1020\" class=\"elementor elementor-1020\" data-elementor-post-type=\"page\">\n\t\t\t\t<div class=\"elementor-element elementor-element-50298cb e-flex e-con-boxed e-con e-parent\" data-id=\"50298cb\" data-element_type=\"container\" data-e-type=\"container\">\n\t\t\t\t\t<div class=\"e-con-inner\">\n\t\t\t\t<div class=\"elementor-element elementor-element-14cb1759 elementor-widget elementor-widget-text-editor\" data-id=\"14cb1759\" data-element_type=\"widget\" data-e-type=\"widget\" data-widget_type=\"text-editor.default\">\n\t\t\t\t\t\t\t\t\t<p><\/p>\n<p><span lang=\"PL\">DEVOLUCIONES<o:p><\/o:p><\/span><\/p>\n<p><span lang=\"PL\"><br> Tienes derecho a devolver la mercanc\u00eda por cualquier motivo en un plazo de 14 d\u00edas a partir de la recepci\u00f3n de la mercanc\u00eda. <\/span><span lang=\"PL\" style=\"font-family:\"Arial\",sans-serif\"><\/span><span lang=\"PL\">Para el primer d\u00eda<\/span><span lang=\"PL\">\u0144<\/span><span lang=\"PL\">  reconoce<\/span><span lang=\"PL\">\u0119<\/span><span lang=\"PL\">  dat<\/span><span lang=\"PL\">\u0119<\/span><span lang=\"PL\">  recepci\u00f3n por el destinatario<\/span><span lang=\"PL\">\u0119<\/span><span lang=\"PL\">  bienes, no ni\u00f1os<\/span><span lang=\"PL\">\u0144<\/span><span lang=\"PL\">  z<\/span><span lang=\"PL\">\u0142<\/span><span lang=\"PL\">o<\/span><span lang=\"PL\">\u017c<\/span><span lang=\"PL\">rratificaciones<\/span><span lang=\"PL\">\u00f3<\/span><span lang=\"PL\">VER.<o:p><\/o:p><\/span><\/p>\n<p><span lang=\"PL\"><br><br> Los art\u00edculos devueltos deben estar en las mismas condiciones en las que se enviaron, sin se\u00f1ales de uso y con todas las etiquetas.<o:p><\/o:p><\/span><\/p>\n<p><span lang=\"PL\">&nbsp;<\/span><\/p>\n<p><span lang=\"PL\">M\u00e9todo de devoluci\u00f3n:<o:p><\/o:p><\/span><\/p>\n<p><span lang=\"PL\">1. Rellena el FORMULARIO DE DEVOLUCI\u00d3N de forma legible.<o:p><\/o:p><\/span><\/p>\n<p><span lang=\"PL\"><br> 2. Empaqueta la mercanc\u00eda junto con el formulario cumplimentado.<o:p><\/o:p><\/span><\/p>\n<p><span lang=\"PL\"><br> 3. el paquete debe devolverse a nuestro almac\u00e9n a la direcci\u00f3n indicada: <o:p><\/o:p><\/span><\/p>\n<p><span lang=\"PL\">YABOO SP.ZO.O.<o:p><\/o:p><\/span><\/p>\n<p><span lang=\"PL\">UL.\nD\u0141UGA 60 <o:p><\/o:p><\/span><\/p>\n<p><span lang=\"PL\">84-200 WEJHEROWO<o:p><\/o:p><\/span><\/p>\n<p><span lang=\"PL\"><br> 4 El paquete de devoluci\u00f3n no debe enviarse contra reembolso.<o:p><\/o:p><\/span><\/p>\n<p><span lang=\"PL\"><br> 5. no recogemos paquetes en las oficinas de correos ni en las m\u00e1quinas de paqueter\u00eda.<o:p><\/o:p><\/span><\/p>\n<p><span lang=\"PL\"><br> 6 Los gastos de env\u00edo del art\u00edculo de vuelta al almac\u00e9n correr\u00e1n a cargo del Comprador.<o:p><\/o:p><\/span><\/p>\n<p><span lang=\"PL\">&nbsp;<br><br> 7. el Vendedor devolver\u00e1 inmediatamente al Comprador los pagos de las Mercanc\u00edas, a m\u00e1s tardar en el plazo de 14 d\u00edas a partir de la fecha de recepci\u00f3n de la declaraci\u00f3n de desistimiento del contrato de venta.<o:p><\/o:p><\/span><\/p>\n<p><span lang=\"PL\"><br> 8. conserva el n\u00famero de seguimiento del paquete<\/span><\/p><p class=\"MsoNormal\"><span lang=\"PL\">Anexo 1 Modelo de formulario de desistimiento<o:p><\/o:p><\/span><\/p><p class=\"MsoNormal\"><span lang=\"PL\">Este formulario debe cumplimentarse y devolverse s\u00f3lo si deseas desistir del contrato.<o:p><\/o:p><\/span><\/p><p class=\"MsoNormal\"><span lang=\"PL\">[indica lugar, fecha].<o:p><\/o:p><\/span><\/p><p class=\"MsoNormal\"><span lang=\"PL\">&nbsp;<\/span><\/p><p class=\"MsoNormal\"><span lang=\"PL\">DE: [indica tu nombre o raz\u00f3n social (si el contrato lo celebr\u00f3 un comerciante) y los datos de tu direcci\u00f3n y, si dispones de ellos, tu direcci\u00f3n de correo electr\u00f3nico y tu n\u00famero de tel\u00e9fono].<o:p><\/o:p><\/span><\/p><p class=\"MsoNormal\"><span lang=\"PL\">&nbsp;<\/span><\/p><p class=\"MsoNormal\"><span lang=\"PL\">&nbsp;PARA: YABOO SP.\nZO.O.  <o:p><\/o:p><\/span><\/p><p class=\"MsoNormal\"><span lang=\"PL\">&nbsp;<\/span><\/p><p class=\"MsoNormal\"><span lang=\"PL\">&nbsp;<\/span><\/p><p class=\"MsoNormal\"><span lang=\"PL\">RESCISI\u00d3N DEL CONTRATO<o:p><\/o:p><\/span><\/p><p class=\"MsoNormal\"><span lang=\"PL\">&nbsp;<\/span><\/p><p class=\"MsoNormal\"><span lang=\"PL\">[do uzupe\u0142nienia] [do uzupe\u0142nienia]El abajo firmante rescinde el contrato de compraventa celebrado el , numerado , cuyo objeto era la compra de [do uzupe\u0142nienia]<o:p><\/o:p><\/span><\/p><p class=\"MsoNormal\"><span lang=\"PL\">&nbsp;<\/span><\/p><p class=\"MsoNormal\"><span lang=\"PL\">&nbsp;<\/span><\/p><p class=\"MsoNormal\"><span lang=\"PL\">__________________<o:p><\/o:p><\/span><\/p><p><span lang=\"PL\">\n\n\n\n\n\n\n\n\n\n\n\n\n\n\n\n\n\n\n\n\n\n\n\n\n\n\n\n\n\n<\/span><\/p><p class=\"MsoNormal\"><span lang=\"PL\">Firma y fecha de presentaci\u00f3n<o:p><\/o:p><\/span><\/p>\n<ol>\n<p><\/p>\n<\/ol>\n<p><\/p>\t\t\t\t\t\t\t\t<\/div>\n\t\t\t\t\t<\/div>\n\t\t\t\t<\/div>\n\t\t\t\t<\/div>\n\t\t","protected":false},"excerpt":{"rendered":"<p>DEVOLUCIONES Tienes derecho a devolver la mercanc\u00eda por cualquier motivo en un plazo de 14 d\u00edas a partir de la recepci\u00f3n de la mercanc\u00eda. Para el primer d\u00eda\u0144 reconoce\u0119 dat\u0119 recepci\u00f3n por el destinatario\u0119 bienes, no ni\u00f1os\u0144 z\u0142o\u017crratificaciones\u00f3VER. Los art\u00edculos devueltos deben estar en las mismas condiciones en las que se enviaron, sin se\u00f1ales de [&hellip;]<\/p>\n","protected":false},"author":1,"featured_media":0,"parent":0,"menu_order":0,"comment_status":"closed","ping_status":"closed","template":"","meta":{"footnotes":""},"class_list":["post-1020","page","type-page","status-publish","hentry"],"yoast_head":"<!-- This site is optimized with the Yoast SEO plugin v27.4 - https:\/\/yoast.com\/product\/yoast-seo-wordpress\/ -->\n<title>-<\/title>\n<meta name=\"robots\" content=\"index, follow, max-snippet:-1, max-image-preview:large, max-video-preview:-1\" \/>\n<link rel=\"canonical\" href=\"https:\/\/mosuos.eu\/zwroty\/\" \/>\n<meta property=\"og:locale\" content=\"es_ES\" \/>\n<meta property=\"og:type\" content=\"article\" \/>\n<meta property=\"og:title\" content=\"-\" \/>\n<meta property=\"og:description\" content=\"DEVOLUCIONES Tienes derecho a devolver la mercanc\u00eda por cualquier motivo en un plazo de 14 d\u00edas a partir de la recepci\u00f3n de la mercanc\u00eda. Para el primer d\u00eda\u0144 reconoce\u0119 dat\u0119 recepci\u00f3n por el destinatario\u0119 bienes, no ni\u00f1os\u0144 z\u0142o\u017crratificaciones\u00f3VER. Los art\u00edculos devueltos deben estar en las mismas condiciones en las que se enviaron, sin se\u00f1ales de [&hellip;]\" \/>\n<meta property=\"og:url\" content=\"https:\/\/mosuos.eu\/zwroty\/\" \/>\n<meta property=\"og:site_name\" content=\"Mosuos\" \/>\n<meta property=\"article:modified_time\" content=\"2026-01-14T13:42:17+00:00\" \/>\n<meta name=\"twitter:card\" content=\"summary_large_image\" \/>\n<meta name=\"twitter:label1\" content=\"Tiempo de lectura\" \/>\n\t<meta name=\"twitter:data1\" content=\"2 minutos\" \/>\n<script type=\"application\/ld+json\" class=\"yoast-schema-graph\">{\"@context\":\"https:\\\/\\\/schema.org\",\"@graph\":[{\"@type\":\"WebPage\",\"@id\":\"https:\\\/\\\/mosuos.eu\\\/zwroty\\\/\",\"url\":\"https:\\\/\\\/mosuos.eu\\\/zwroty\\\/\",\"name\":\"-\",\"isPartOf\":{\"@id\":\"https:\\\/\\\/mosuos.eu\\\/#website\"},\"datePublished\":\"2024-04-24T16:23:49+00:00\",\"dateModified\":\"2026-01-14T13:42:17+00:00\",\"breadcrumb\":{\"@id\":\"https:\\\/\\\/mosuos.eu\\\/zwroty\\\/#breadcrumb\"},\"inLanguage\":\"es\",\"potentialAction\":[{\"@type\":\"ReadAction\",\"target\":[\"https:\\\/\\\/mosuos.eu\\\/zwroty\\\/\"]}]},{\"@type\":\"BreadcrumbList\",\"@id\":\"https:\\\/\\\/mosuos.eu\\\/zwroty\\\/#breadcrumb\",\"itemListElement\":[{\"@type\":\"ListItem\",\"position\":1,\"name\":\"Strona g\u0142\u00f3wna\",\"item\":\"https:\\\/\\\/mosuos.eu\\\/\"},{\"@type\":\"ListItem\",\"position\":2,\"name\":\"Devuelve\"}]},{\"@type\":\"WebSite\",\"@id\":\"https:\\\/\\\/mosuos.eu\\\/#website\",\"url\":\"https:\\\/\\\/mosuos.eu\\\/\",\"name\":\"Mosuos\",\"description\":\"\",\"publisher\":{\"@id\":\"https:\\\/\\\/mosuos.eu\\\/#organization\"},\"potentialAction\":[{\"@type\":\"SearchAction\",\"target\":{\"@type\":\"EntryPoint\",\"urlTemplate\":\"https:\\\/\\\/mosuos.eu\\\/?s={search_term_string}\"},\"query-input\":{\"@type\":\"PropertyValueSpecification\",\"valueRequired\":true,\"valueName\":\"search_term_string\"}}],\"inLanguage\":\"es\"},{\"@type\":\"Organization\",\"@id\":\"https:\\\/\\\/mosuos.eu\\\/#organization\",\"name\":\"Mosuos\",\"url\":\"https:\\\/\\\/mosuos.eu\\\/\",\"logo\":{\"@type\":\"ImageObject\",\"inLanguage\":\"es\",\"@id\":\"https:\\\/\\\/mosuos.eu\\\/#\\\/schema\\\/logo\\\/image\\\/\",\"url\":\"https:\\\/\\\/mosuos.eu\\\/wp-content\\\/uploads\\\/2024\\\/04\\\/logo-footer-mosuo.webp\",\"contentUrl\":\"https:\\\/\\\/mosuos.eu\\\/wp-content\\\/uploads\\\/2024\\\/04\\\/logo-footer-mosuo.webp\",\"width\":280,\"height\":280,\"caption\":\"Mosuos\"},\"image\":{\"@id\":\"https:\\\/\\\/mosuos.eu\\\/#\\\/schema\\\/logo\\\/image\\\/\"}}]}<\/script>\n<!-- \/ Yoast SEO plugin. -->","yoast_head_json":{"title":"-","robots":{"index":"index","follow":"follow","max-snippet":"max-snippet:-1","max-image-preview":"max-image-preview:large","max-video-preview":"max-video-preview:-1"},"canonical":"https:\/\/mosuos.eu\/zwroty\/","og_locale":"es_ES","og_type":"article","og_title":"-","og_description":"DEVOLUCIONES Tienes derecho a devolver la mercanc\u00eda por cualquier motivo en un plazo de 14 d\u00edas a partir de la recepci\u00f3n de la mercanc\u00eda. Para el primer d\u00eda\u0144 reconoce\u0119 dat\u0119 recepci\u00f3n por el destinatario\u0119 bienes, no ni\u00f1os\u0144 z\u0142o\u017crratificaciones\u00f3VER. Los art\u00edculos devueltos deben estar en las mismas condiciones en las que se enviaron, sin se\u00f1ales de [&hellip;]","og_url":"https:\/\/mosuos.eu\/zwroty\/","og_site_name":"Mosuos","article_modified_time":"2026-01-14T13:42:17+00:00","twitter_card":"summary_large_image","twitter_misc":{"Tiempo de lectura":"2 minutos"},"schema":{"@context":"https:\/\/schema.org","@graph":[{"@type":"WebPage","@id":"https:\/\/mosuos.eu\/zwroty\/","url":"https:\/\/mosuos.eu\/zwroty\/","name":"-","isPartOf":{"@id":"https:\/\/mosuos.eu\/#website"},"datePublished":"2024-04-24T16:23:49+00:00","dateModified":"2026-01-14T13:42:17+00:00","breadcrumb":{"@id":"https:\/\/mosuos.eu\/zwroty\/#breadcrumb"},"inLanguage":"es","potentialAction":[{"@type":"ReadAction","target":["https:\/\/mosuos.eu\/zwroty\/"]}]},{"@type":"BreadcrumbList","@id":"https:\/\/mosuos.eu\/zwroty\/#breadcrumb","itemListElement":[{"@type":"ListItem","position":1,"name":"Strona g\u0142\u00f3wna","item":"https:\/\/mosuos.eu\/"},{"@type":"ListItem","position":2,"name":"Devuelve"}]},{"@type":"WebSite","@id":"https:\/\/mosuos.eu\/#website","url":"https:\/\/mosuos.eu\/","name":"Mosuos","description":"","publisher":{"@id":"https:\/\/mosuos.eu\/#organization"},"potentialAction":[{"@type":"SearchAction","target":{"@type":"EntryPoint","urlTemplate":"https:\/\/mosuos.eu\/?s={search_term_string}"},"query-input":{"@type":"PropertyValueSpecification","valueRequired":true,"valueName":"search_term_string"}}],"inLanguage":"es"},{"@type":"Organization","@id":"https:\/\/mosuos.eu\/#organization","name":"Mosuos","url":"https:\/\/mosuos.eu\/","logo":{"@type":"ImageObject","inLanguage":"es","@id":"https:\/\/mosuos.eu\/#\/schema\/logo\/image\/","url":"https:\/\/mosuos.eu\/wp-content\/uploads\/2024\/04\/logo-footer-mosuo.webp","contentUrl":"https:\/\/mosuos.eu\/wp-content\/uploads\/2024\/04\/logo-footer-mosuo.webp","width":280,"height":280,"caption":"Mosuos"},"image":{"@id":"https:\/\/mosuos.eu\/#\/schema\/logo\/image\/"}}]}},"_links":{"self":[{"href":"https:\/\/mosuos.eu\/es\/wp-json\/wp\/v2\/pages\/1020","targetHints":{"allow":["GET"]}}],"collection":[{"href":"https:\/\/mosuos.eu\/es\/wp-json\/wp\/v2\/pages"}],"about":[{"href":"https:\/\/mosuos.eu\/es\/wp-json\/wp\/v2\/types\/page"}],"author":[{"embeddable":true,"href":"https:\/\/mosuos.eu\/es\/wp-json\/wp\/v2\/users\/1"}],"replies":[{"embeddable":true,"href":"https:\/\/mosuos.eu\/es\/wp-json\/wp\/v2\/comments?post=1020"}],"version-history":[{"count":8,"href":"https:\/\/mosuos.eu\/es\/wp-json\/wp\/v2\/pages\/1020\/revisions"}],"predecessor-version":[{"id":1457,"href":"https:\/\/mosuos.eu\/es\/wp-json\/wp\/v2\/pages\/1020\/revisions\/1457"}],"wp:attachment":[{"href":"https:\/\/mosuos.eu\/es\/wp-json\/wp\/v2\/media?parent=1020"}],"curies":[{"name":"wp","href":"https:\/\/api.w.org\/{rel}","templated":true}]}}